{"id":45,"date":"2018-09-10T03:27:07","date_gmt":"2018-09-10T03:27:07","guid":{"rendered":"http:\/\/www.reitanlage-adam.de\/wordpress\/?page_id=45"},"modified":"2022-04-04T11:17:33","modified_gmt":"2022-04-04T11:17:33","slug":"reitverein","status":"publish","type":"page","link":"https:\/\/reitanlage-adam.de\/?page_id=45","title":{"rendered":"REITCLUB BUSCHERH\u00d6FE B\u00dcTTGEN 1991 E.V."},"content":{"rendered":"\n<p class=\"has-medium-font-size\"><strong>VORSTAND 2022<\/strong><\/p>\n\n\n\n<figure class=\"wp-block-image size-large\"><a href=\"https:\/\/reitanlage-adam.de\/wp-content\/uploads\/2022\/04\/7c352d3e-a103-43fd-b1f2-568388e87a62.jpg\"><img loading=\"lazy\" width=\"1024\" height=\"576\" src=\"https:\/\/reitanlage-adam.de\/wp-content\/uploads\/2022\/04\/7c352d3e-a103-43fd-b1f2-568388e87a62-1024x576.jpg\" alt=\"\" class=\"wp-image-475\" srcset=\"https:\/\/reitanlage-adam.de\/wp-content\/uploads\/2022\/04\/7c352d3e-a103-43fd-b1f2-568388e87a62-1024x576.jpg 1024w, https:\/\/reitanlage-adam.de\/wp-content\/uploads\/2022\/04\/7c352d3e-a103-43fd-b1f2-568388e87a62-300x169.jpg 300w, https:\/\/reitanlage-adam.de\/wp-content\/uploads\/2022\/04\/7c352d3e-a103-43fd-b1f2-568388e87a62-768x432.jpg 768w, https:\/\/reitanlage-adam.de\/wp-content\/uploads\/2022\/04\/7c352d3e-a103-43fd-b1f2-568388e87a62-1536x864.jpg 1536w, https:\/\/reitanlage-adam.de\/wp-content\/uploads\/2022\/04\/7c352d3e-a103-43fd-b1f2-568388e87a62.jpg 2048w\" sizes=\"(max-width: 1024px) 100vw, 1024px\" \/><\/a><\/figure>\n\n\n\n<p class=\"has-small-font-size\"><br>v.l.<br>Yvonne Arand &#8211; Kassiererin<br>Larissa Arand &#8211; Jugendwart<br>Alexandra Schrills &#8211; Freizeitwart<br>Frank Adam\u00a0 \u00a0 \u00a0 \u00a0&#8211;\u00a0 Sportwart<br>Carmen Adam &#8211; Schriftf\u00fchrerin<br>Sonja Frisch- 2. Vorsitzende<br>Kyra Wolter- Gesch\u00e4ftsf\u00fchrerin<br>Wilhelm Josephs &#8211; 1. Vorsitzender<\/p>\n\n\n\n<p class=\"has-small-font-size\">Mitgliederzahlen: 191 ( Stand Dezember 2018)<\/p>\n","protected":false},"excerpt":{"rendered":"<p>VORSTAND 2022 v.l.Yvonne Arand &#8211; KassiererinLarissa Arand &#8211; JugendwartAlexandra Schrills &#8211; FreizeitwartFrank Adam\u00a0 \u00a0 \u00a0 \u00a0&#8211;\u00a0 SportwartCarmen Adam &#8211; Schriftf\u00fchrerinSonja Frisch- 2. VorsitzendeKyra Wolter- Gesch\u00e4ftsf\u00fchrerinWilhelm Josephs &#8211; 1. Vorsitzender Mitgliederzahlen: 191 ( Stand Dezember 2018)<\/p>\n","protected":false},"author":1,"featured_media":0,"parent":0,"menu_order":0,"comment_status":"closed","ping_status":"closed","template":"","meta":[],"_links":{"self":[{"href":"https:\/\/reitanlage-adam.de\/index.php?rest_route=\/wp\/v2\/pages\/45"}],"collection":[{"href":"https:\/\/reitanlage-adam.de\/index.php?rest_route=\/wp\/v2\/pages"}],"about":[{"href":"https:\/\/reitanlage-adam.de\/index.php?rest_route=\/wp\/v2\/types\/page"}],"author":[{"embeddable":true,"href":"https:\/\/reitanlage-adam.de\/index.php?rest_route=\/wp\/v2\/users\/1"}],"replies":[{"embeddable":true,"href":"https:\/\/reitanlage-adam.de\/index.php?rest_route=%2Fwp%2Fv2%2Fcomments&post=45"}],"version-history":[{"count":13,"href":"https:\/\/reitanlage-adam.de\/index.php?rest_route=\/wp\/v2\/pages\/45\/revisions"}],"predecessor-version":[{"id":483,"href":"https:\/\/reitanlage-adam.de\/index.php?rest_route=\/wp\/v2\/pages\/45\/revisions\/483"}],"wp:attachment":[{"href":"https:\/\/reitanlage-adam.de\/index.php?rest_route=%2Fwp%2Fv2%2Fmedia&parent=45"}],"curies":[{"name":"wp","href":"https:\/\/api.w.org\/{rel}","templated":true}]}}