{"id":25,"date":"2018-09-09T20:48:55","date_gmt":"2018-09-09T20:48:55","guid":{"rendered":"http:\/\/www.reitanlage-adam.de\/wordpress\/?page_id=25"},"modified":"2018-09-21T10:46:19","modified_gmt":"2018-09-21T10:46:19","slug":"reitanlage","status":"publish","type":"page","link":"https:\/\/reitanlage-adam.de\/?page_id=25","title":{"rendered":"REITANLAGE"},"content":{"rendered":"<p><a href=\"http:\/\/www.reitanlage-adam.de\/wordpress\/wp-content\/uploads\/2018\/09\/reithalle1-1.jpg\"><img loading=\"lazy\" class=\"alignnone size-full wp-image-241\" src=\"http:\/\/www.reitanlage-adam.de\/wordpress\/wp-content\/uploads\/2018\/09\/reithalle1-1.jpg\" alt=\"\" width=\"512\" height=\"262\" srcset=\"https:\/\/reitanlage-adam.de\/wp-content\/uploads\/2018\/09\/reithalle1-1.jpg 512w, https:\/\/reitanlage-adam.de\/wp-content\/uploads\/2018\/09\/reithalle1-1-300x154.jpg 300w\" sizes=\"(max-width: 512px) 100vw, 512px\" \/><\/a><br \/>\nDie Reitanlage verf\u00fcgt \u00fcber:<\/p>\n<p>&#8211; eine w\u00e4rme- und k\u00e4lte isolierte Reithalle von 20x50m<\/p>\n<p>&#8211; eine Reithalle 20x30m<\/p>\n<p>&#8211; einen Springplatz von 30x70m<\/p>\n<p>&#8211; einen Dressurplatz von 20x40m.<\/p>\n<p>&#8211; Aussen &#8211; und Innenboxen<\/p>\n<p>&#8211; Weiden und Paddocks<\/p>\n<p>&#8211; F\u00fchranlage<\/p>\n","protected":false},"excerpt":{"rendered":"<p>Die Reitanlage verf\u00fcgt \u00fcber: &#8211; eine w\u00e4rme- und k\u00e4lte isolierte Reithalle von 20x50m &#8211; eine Reithalle 20x30m &#8211; einen Springplatz von 30x70m &#8211; einen Dressurplatz von 20x40m. &#8211; Aussen &#8211; und Innenboxen &#8211; Weiden und Paddocks &#8211; F\u00fchranlage<\/p>\n","protected":false},"author":1,"featured_media":0,"parent":0,"menu_order":0,"comment_status":"closed","ping_status":"closed","template":"","meta":[],"_links":{"self":[{"href":"https:\/\/reitanlage-adam.de\/index.php?rest_route=\/wp\/v2\/pages\/25"}],"collection":[{"href":"https:\/\/reitanlage-adam.de\/index.php?rest_route=\/wp\/v2\/pages"}],"about":[{"href":"https:\/\/reitanlage-adam.de\/index.php?rest_route=\/wp\/v2\/types\/page"}],"author":[{"embeddable":true,"href":"https:\/\/reitanlage-adam.de\/index.php?rest_route=\/wp\/v2\/users\/1"}],"replies":[{"embeddable":true,"href":"https:\/\/reitanlage-adam.de\/index.php?rest_route=%2Fwp%2Fv2%2Fcomments&post=25"}],"version-history":[{"count":6,"href":"https:\/\/reitanlage-adam.de\/index.php?rest_route=\/wp\/v2\/pages\/25\/revisions"}],"predecessor-version":[{"id":302,"href":"https:\/\/reitanlage-adam.de\/index.php?rest_route=\/wp\/v2\/pages\/25\/revisions\/302"}],"wp:attachment":[{"href":"https:\/\/reitanlage-adam.de\/index.php?rest_route=%2Fwp%2Fv2%2Fmedia&parent=25"}],"curies":[{"name":"wp","href":"https:\/\/api.w.org\/{rel}","templated":true}]}}